{"id":24,"date":"2024-12-11T07:52:00","date_gmt":"2024-12-11T06:52:00","guid":{"rendered":"http:\/\/trioco.bluetimeproduction.be\/?page_id=24"},"modified":"2026-03-26T08:02:01","modified_gmt":"2026-03-26T07:02:01","slug":"mentions-legales","status":"publish","type":"page","link":"https:\/\/trioco.bluetimeproduction.be\/fr\/mentions-legales\/","title":{"rendered":"Mentions l\u00e9gales"},"content":{"rendered":"\t\t<div data-elementor-type=\"wp-page\" data-elementor-id=\"24\" class=\"elementor elementor-24\" data-elementor-post-type=\"page\">\n\t\t\t\t<div class=\"elementor-element elementor-element-6a9b9cb e-flex e-con-boxed e-con e-parent\" data-id=\"6a9b9cb\" data-element_type=\"container\" data-e-type=\"container\">\n\t\t\t\t\t<div class=\"e-con-inner\">\n\t\t\t\t<div class=\"elementor-element elementor-element-b1b24e7 elementor-widget elementor-widget-heading\" data-id=\"b1b24e7\" data-element_type=\"widget\" data-e-type=\"widget\" data-widget_type=\"heading.default\">\n\t\t\t\t<div class=\"elementor-widget-container\">\n\t\t\t\t\t<h1 class=\"elementor-heading-title elementor-size-default\">Mentions l\u00e9gales<\/h1>\t\t\t\t<\/div>\n\t\t\t\t<\/div>\n\t\t<div class=\"elementor-element elementor-element-540614d e-con-full e-flex e-con e-child\" data-id=\"540614d\" data-element_type=\"container\" data-e-type=\"container\">\n\t\t\t\t<div class=\"elementor-element elementor-element-7a1f5d3 elementor-widget elementor-widget-heading\" data-id=\"7a1f5d3\" data-element_type=\"widget\" data-e-type=\"widget\" data-widget_type=\"heading.default\">\n\t\t\t\t<div class=\"elementor-widget-container\">\n\t\t\t\t\t<h2 class=\"elementor-heading-title elementor-size-default\">Trioco SRL<\/h2>\t\t\t\t<\/div>\n\t\t\t\t<\/div>\n\t\t\t\t<div class=\"elementor-element elementor-element-9f17671 elementor-widget elementor-widget-text-editor\" data-id=\"9f17671\" data-element_type=\"widget\" data-e-type=\"widget\" data-widget_type=\"text-editor.default\">\n\t\t\t\t<div class=\"elementor-widget-container\">\n\t\t\t\t\t\t\t\t\t<p>Si\u00e8ge social&nbsp;: Chauss\u00e9e de La Hulpe, 177\/18 &#8211; 1170 Watermael-Boitsfort<\/p><p>Num\u00e9ro de t\u00e9l\u00e9phone&nbsp;: <a href=\"tel:+3227470447\">+32 (0)2 747 04 47<\/a><\/p><p>Adresse e-mail&nbsp;: <a href=\"mailto:info@trioco.be\">info@trioco.be<\/a><\/p><p>Num\u00e9ro d\u2019entreprise&nbsp;: 1031.824.830<\/p><p>Num\u00e9ro de TVA&nbsp;: BE 1031.824.830<\/p><p>Nom de l\u2019autorit\u00e9 comp\u00e9tente&nbsp;: Institut Professionnel des Agents Immobiliers<\/p>\t\t\t\t\t\t\t\t<\/div>\n\t\t\t\t<\/div>\n\t\t\t\t<\/div>\n\t\t\t\t\t<\/div>\n\t\t\t\t<\/div>\n\t\t\t\t<\/div>","protected":false},"excerpt":{"rendered":"<p>Trioco SRL Si\u00e8ge social&nbsp;: Chauss\u00e9e de La Hulpe, 177\/18 &#8211; 1170 Watermael-Boitsfort Num\u00e9ro de t\u00e9l\u00e9phone&nbsp;: +32 (0)2 747 04 47 Adresse e-mail&nbsp;: info@trioco.be Num\u00e9ro d\u2019entreprise&nbsp;: 1031.824.830 Num\u00e9ro de TVA&nbsp;: BE 1031.824.830 Nom de l\u2019autorit\u00e9 comp\u00e9tente&nbsp;: Institut Professionnel des Agents Immobiliers<\/p>","protected":false},"author":1,"featured_media":0,"parent":0,"menu_order":0,"comment_status":"closed","ping_status":"closed","template":"","meta":{"footnotes":""},"class_list":["post-24","page","type-page","status-publish","hentry"],"yoast_head":"<!-- This site is optimized with the Yoast SEO plugin v27.2 - https:\/\/yoast.com\/product\/yoast-seo-wordpress\/ -->\n<title>Trioco | Mentions l\u00e9gales<\/title>\n<meta name=\"robots\" content=\"noindex, follow\" \/>\n<meta property=\"og:locale\" content=\"fr_FR\" \/>\n<meta property=\"og:type\" content=\"article\" \/>\n<meta property=\"og:title\" content=\"Trioco | Mentions l\u00e9gales\" \/>\n<meta property=\"og:description\" content=\"Trioco SRL Si\u00e8ge social&nbsp;: Chauss\u00e9e de La Hulpe, 177\/18 &#8211; 1170 Watermael-Boitsfort Num\u00e9ro de t\u00e9l\u00e9phone&nbsp;: +32 (0)2 747 04 47 Adresse e-mail&nbsp;: info@trioco.be Num\u00e9ro d\u2019entreprise&nbsp;: 1031.824.830 Num\u00e9ro de TVA&nbsp;: BE 1031.824.830 Nom de l\u2019autorit\u00e9 comp\u00e9tente&nbsp;: Institut Professionnel des Agents Immobiliers\" \/>\n<meta property=\"og:url\" content=\"https:\/\/trioco.bluetimeproduction.be\/fr\/mentions-legales\/\" \/>\n<meta property=\"og:site_name\" content=\"Trioco\" \/>\n<meta property=\"article:modified_time\" content=\"2026-03-26T07:02:01+00:00\" \/>\n<meta name=\"twitter:card\" content=\"summary_large_image\" \/>\n<meta name=\"twitter:label1\" content=\"Dur\u00e9e de lecture estim\u00e9e\" \/>\n\t<meta name=\"twitter:data1\" content=\"1 minute\" \/>\n<script type=\"application\/ld+json\" class=\"yoast-schema-graph\">{\"@context\":\"https:\/\/schema.org\",\"@graph\":[{\"@type\":\"WebPage\",\"@id\":\"https:\/\/trioco.bluetimeproduction.be\/fr\/mentions-legales\/\",\"url\":\"https:\/\/trioco.bluetimeproduction.be\/fr\/mentions-legales\/\",\"name\":\"Trioco | Mentions l\u00e9gales\",\"isPartOf\":{\"@id\":\"https:\/\/trioco.bluetimeproduction.be\/fr\/#website\"},\"datePublished\":\"2024-12-11T06:52:00+00:00\",\"dateModified\":\"2026-03-26T07:02:01+00:00\",\"breadcrumb\":{\"@id\":\"https:\/\/trioco.bluetimeproduction.be\/fr\/mentions-legales\/#breadcrumb\"},\"inLanguage\":\"fr-FR\",\"potentialAction\":[{\"@type\":\"ReadAction\",\"target\":[\"https:\/\/trioco.bluetimeproduction.be\/fr\/mentions-legales\/\"]}]},{\"@type\":\"BreadcrumbList\",\"@id\":\"https:\/\/trioco.bluetimeproduction.be\/fr\/mentions-legales\/#breadcrumb\",\"itemListElement\":[{\"@type\":\"ListItem\",\"position\":1,\"name\":\"Accueil\",\"item\":\"https:\/\/trioco.bluetimeproduction.be\/fr\/\"},{\"@type\":\"ListItem\",\"position\":2,\"name\":\"Mentions l\u00e9gales\"}]},{\"@type\":\"WebSite\",\"@id\":\"https:\/\/trioco.bluetimeproduction.be\/fr\/#website\",\"url\":\"https:\/\/trioco.bluetimeproduction.be\/fr\/\",\"name\":\"Trioco\",\"description\":\"\",\"publisher\":{\"@id\":\"https:\/\/trioco.bluetimeproduction.be\/fr\/#organization\"},\"potentialAction\":[{\"@type\":\"SearchAction\",\"target\":{\"@type\":\"EntryPoint\",\"urlTemplate\":\"https:\/\/trioco.bluetimeproduction.be\/fr\/?s={search_term_string}\"},\"query-input\":{\"@type\":\"PropertyValueSpecification\",\"valueRequired\":true,\"valueName\":\"search_term_string\"}}],\"inLanguage\":\"fr-FR\"},{\"@type\":\"Organization\",\"@id\":\"https:\/\/trioco.bluetimeproduction.be\/fr\/#organization\",\"name\":\"Trioco\",\"url\":\"https:\/\/trioco.bluetimeproduction.be\/fr\/\",\"logo\":{\"@type\":\"ImageObject\",\"inLanguage\":\"fr-FR\",\"@id\":\"https:\/\/trioco.bluetimeproduction.be\/fr\/#\/schema\/logo\/image\/\",\"url\":\"https:\/\/trioco.bluetimeproduction.be\/wp-content\/uploads\/2024\/12\/logo_trioco.svg\",\"contentUrl\":\"https:\/\/trioco.bluetimeproduction.be\/wp-content\/uploads\/2024\/12\/logo_trioco.svg\",\"caption\":\"Trioco\"},\"image\":{\"@id\":\"https:\/\/trioco.bluetimeproduction.be\/fr\/#\/schema\/logo\/image\/\"}}]}<\/script>\n<!-- \/ Yoast SEO plugin. -->","yoast_head_json":{"title":"Trioco | Mentions l\u00e9gales","robots":{"index":"noindex","follow":"follow"},"og_locale":"fr_FR","og_type":"article","og_title":"Trioco | Mentions l\u00e9gales","og_description":"Trioco SRL Si\u00e8ge social&nbsp;: Chauss\u00e9e de La Hulpe, 177\/18 &#8211; 1170 Watermael-Boitsfort Num\u00e9ro de t\u00e9l\u00e9phone&nbsp;: +32 (0)2 747 04 47 Adresse e-mail&nbsp;: info@trioco.be Num\u00e9ro d\u2019entreprise&nbsp;: 1031.824.830 Num\u00e9ro de TVA&nbsp;: BE 1031.824.830 Nom de l\u2019autorit\u00e9 comp\u00e9tente&nbsp;: Institut Professionnel des Agents Immobiliers","og_url":"https:\/\/trioco.bluetimeproduction.be\/fr\/mentions-legales\/","og_site_name":"Trioco","article_modified_time":"2026-03-26T07:02:01+00:00","twitter_card":"summary_large_image","twitter_misc":{"Dur\u00e9e de lecture estim\u00e9e":"1 minute"},"schema":{"@context":"https:\/\/schema.org","@graph":[{"@type":"WebPage","@id":"https:\/\/trioco.bluetimeproduction.be\/fr\/mentions-legales\/","url":"https:\/\/trioco.bluetimeproduction.be\/fr\/mentions-legales\/","name":"Trioco | Mentions l\u00e9gales","isPartOf":{"@id":"https:\/\/trioco.bluetimeproduction.be\/fr\/#website"},"datePublished":"2024-12-11T06:52:00+00:00","dateModified":"2026-03-26T07:02:01+00:00","breadcrumb":{"@id":"https:\/\/trioco.bluetimeproduction.be\/fr\/mentions-legales\/#breadcrumb"},"inLanguage":"fr-FR","potentialAction":[{"@type":"ReadAction","target":["https:\/\/trioco.bluetimeproduction.be\/fr\/mentions-legales\/"]}]},{"@type":"BreadcrumbList","@id":"https:\/\/trioco.bluetimeproduction.be\/fr\/mentions-legales\/#breadcrumb","itemListElement":[{"@type":"ListItem","position":1,"name":"Accueil","item":"https:\/\/trioco.bluetimeproduction.be\/fr\/"},{"@type":"ListItem","position":2,"name":"Mentions l\u00e9gales"}]},{"@type":"WebSite","@id":"https:\/\/trioco.bluetimeproduction.be\/fr\/#website","url":"https:\/\/trioco.bluetimeproduction.be\/fr\/","name":"Trioco","description":"","publisher":{"@id":"https:\/\/trioco.bluetimeproduction.be\/fr\/#organization"},"potentialAction":[{"@type":"SearchAction","target":{"@type":"EntryPoint","urlTemplate":"https:\/\/trioco.bluetimeproduction.be\/fr\/?s={search_term_string}"},"query-input":{"@type":"PropertyValueSpecification","valueRequired":true,"valueName":"search_term_string"}}],"inLanguage":"fr-FR"},{"@type":"Organization","@id":"https:\/\/trioco.bluetimeproduction.be\/fr\/#organization","name":"Trioco","url":"https:\/\/trioco.bluetimeproduction.be\/fr\/","logo":{"@type":"ImageObject","inLanguage":"fr-FR","@id":"https:\/\/trioco.bluetimeproduction.be\/fr\/#\/schema\/logo\/image\/","url":"https:\/\/trioco.bluetimeproduction.be\/wp-content\/uploads\/2024\/12\/logo_trioco.svg","contentUrl":"https:\/\/trioco.bluetimeproduction.be\/wp-content\/uploads\/2024\/12\/logo_trioco.svg","caption":"Trioco"},"image":{"@id":"https:\/\/trioco.bluetimeproduction.be\/fr\/#\/schema\/logo\/image\/"}}]}},"_links":{"self":[{"href":"https:\/\/trioco.bluetimeproduction.be\/fr\/wp-json\/wp\/v2\/pages\/24","targetHints":{"allow":["GET"]}}],"collection":[{"href":"https:\/\/trioco.bluetimeproduction.be\/fr\/wp-json\/wp\/v2\/pages"}],"about":[{"href":"https:\/\/trioco.bluetimeproduction.be\/fr\/wp-json\/wp\/v2\/types\/page"}],"author":[{"embeddable":true,"href":"https:\/\/trioco.bluetimeproduction.be\/fr\/wp-json\/wp\/v2\/users\/1"}],"replies":[{"embeddable":true,"href":"https:\/\/trioco.bluetimeproduction.be\/fr\/wp-json\/wp\/v2\/comments?post=24"}],"version-history":[{"count":20,"href":"https:\/\/trioco.bluetimeproduction.be\/fr\/wp-json\/wp\/v2\/pages\/24\/revisions"}],"predecessor-version":[{"id":2956,"href":"https:\/\/trioco.bluetimeproduction.be\/fr\/wp-json\/wp\/v2\/pages\/24\/revisions\/2956"}],"wp:attachment":[{"href":"https:\/\/trioco.bluetimeproduction.be\/fr\/wp-json\/wp\/v2\/media?parent=24"}],"curies":[{"name":"wp","href":"https:\/\/api.w.org\/{rel}","templated":true}]}}