{"id":202,"date":"2026-03-17T15:05:01","date_gmt":"2026-03-17T14:05:01","guid":{"rendered":"https:\/\/trioco.bluetimeproduction.be\/?page_id=202"},"modified":"2026-03-17T15:05:02","modified_gmt":"2026-03-17T14:05:02","slug":"contact","status":"publish","type":"page","link":"https:\/\/trioco.bluetimeproduction.be\/fr\/contact\/","title":{"rendered":"Contact"},"content":{"rendered":"","protected":false},"excerpt":{"rendered":"","protected":false},"author":1,"featured_media":0,"parent":0,"menu_order":0,"comment_status":"closed","ping_status":"closed","template":"","meta":{"footnotes":""},"class_list":["post-202","page","type-page","status-publish","hentry"],"yoast_head":"<!-- This site is optimized with the Yoast SEO plugin v27.2 - https:\/\/yoast.com\/product\/yoast-seo-wordpress\/ -->\n<title>Trioco | Contactez notre syndic d\u2019immeubles<\/title>\n<meta name=\"description\" content=\"Vous recherchez un partenaire fiable pour la gestion de votre copropri\u00e9t\u00e9 ? Agr\u00e9\u00e9 IPI, Trioco vous remet une offre dans les plus brefs d\u00e9lais.\" \/>\n<meta name=\"robots\" content=\"noindex, follow, max-snippet:-1, max-image-preview:large, max-video-preview:-1\" \/>\n<meta property=\"og:locale\" content=\"fr_FR\" \/>\n<meta property=\"og:type\" content=\"article\" \/>\n<meta property=\"og:title\" content=\"Trioco | Contactez notre syndic d\u2019immeubles\" \/>\n<meta property=\"og:description\" content=\"Vous recherchez un partenaire fiable pour la gestion de votre copropri\u00e9t\u00e9 ? Agr\u00e9\u00e9 IPI, Trioco vous remet une offre dans les plus brefs d\u00e9lais.\" \/>\n<meta property=\"og:url\" content=\"https:\/\/trioco.bluetimeproduction.be\/fr\/contact\/\" \/>\n<meta property=\"og:site_name\" content=\"Trioco\" \/>\n<meta property=\"article:modified_time\" content=\"2026-03-17T14:05:02+00:00\" \/>\n<meta name=\"twitter:card\" content=\"summary_large_image\" \/>\n<script type=\"application\/ld+json\" class=\"yoast-schema-graph\">{\"@context\":\"https:\/\/schema.org\",\"@graph\":[{\"@type\":\"WebPage\",\"@id\":\"https:\/\/trioco.bluetimeproduction.be\/fr\/contact\/\",\"url\":\"https:\/\/trioco.bluetimeproduction.be\/fr\/contact\/\",\"name\":\"Trioco | Contactez notre syndic d\u2019immeubles\",\"isPartOf\":{\"@id\":\"https:\/\/trioco.bluetimeproduction.be\/fr\/#website\"},\"datePublished\":\"2026-03-17T14:05:01+00:00\",\"dateModified\":\"2026-03-17T14:05:02+00:00\",\"description\":\"Vous recherchez un partenaire fiable pour la gestion de votre copropri\u00e9t\u00e9 ? Agr\u00e9\u00e9 IPI, Trioco vous remet une offre dans les plus brefs d\u00e9lais.\",\"breadcrumb\":{\"@id\":\"https:\/\/trioco.bluetimeproduction.be\/fr\/contact\/#breadcrumb\"},\"inLanguage\":\"fr-FR\",\"potentialAction\":[{\"@type\":\"ReadAction\",\"target\":[\"https:\/\/trioco.bluetimeproduction.be\/fr\/contact\/\"]}]},{\"@type\":\"BreadcrumbList\",\"@id\":\"https:\/\/trioco.bluetimeproduction.be\/fr\/contact\/#breadcrumb\",\"itemListElement\":[{\"@type\":\"ListItem\",\"position\":1,\"name\":\"Accueil\",\"item\":\"https:\/\/trioco.bluetimeproduction.be\/fr\/\"},{\"@type\":\"ListItem\",\"position\":2,\"name\":\"Contact\"}]},{\"@type\":\"WebSite\",\"@id\":\"https:\/\/trioco.bluetimeproduction.be\/fr\/#website\",\"url\":\"https:\/\/trioco.bluetimeproduction.be\/fr\/\",\"name\":\"Trioco\",\"description\":\"\",\"publisher\":{\"@id\":\"https:\/\/trioco.bluetimeproduction.be\/fr\/#organization\"},\"potentialAction\":[{\"@type\":\"SearchAction\",\"target\":{\"@type\":\"EntryPoint\",\"urlTemplate\":\"https:\/\/trioco.bluetimeproduction.be\/fr\/?s={search_term_string}\"},\"query-input\":{\"@type\":\"PropertyValueSpecification\",\"valueRequired\":true,\"valueName\":\"search_term_string\"}}],\"inLanguage\":\"fr-FR\"},{\"@type\":\"Organization\",\"@id\":\"https:\/\/trioco.bluetimeproduction.be\/fr\/#organization\",\"name\":\"Trioco\",\"url\":\"https:\/\/trioco.bluetimeproduction.be\/fr\/\",\"logo\":{\"@type\":\"ImageObject\",\"inLanguage\":\"fr-FR\",\"@id\":\"https:\/\/trioco.bluetimeproduction.be\/fr\/#\/schema\/logo\/image\/\",\"url\":\"https:\/\/trioco.bluetimeproduction.be\/wp-content\/uploads\/2024\/12\/logo_trioco.svg\",\"contentUrl\":\"https:\/\/trioco.bluetimeproduction.be\/wp-content\/uploads\/2024\/12\/logo_trioco.svg\",\"caption\":\"Trioco\"},\"image\":{\"@id\":\"https:\/\/trioco.bluetimeproduction.be\/fr\/#\/schema\/logo\/image\/\"}}]}<\/script>\n<!-- \/ Yoast SEO plugin. -->","yoast_head_json":{"title":"Trioco | Contactez notre syndic d\u2019immeubles","description":"Vous recherchez un partenaire fiable pour la gestion de votre copropri\u00e9t\u00e9 ? Agr\u00e9\u00e9 IPI, Trioco vous remet une offre dans les plus brefs d\u00e9lais.","robots":{"index":"noindex","follow":"follow","max-snippet":"max-snippet:-1","max-image-preview":"max-image-preview:large","max-video-preview":"max-video-preview:-1"},"og_locale":"fr_FR","og_type":"article","og_title":"Trioco | Contactez notre syndic d\u2019immeubles","og_description":"Vous recherchez un partenaire fiable pour la gestion de votre copropri\u00e9t\u00e9 ? Agr\u00e9\u00e9 IPI, Trioco vous remet une offre dans les plus brefs d\u00e9lais.","og_url":"https:\/\/trioco.bluetimeproduction.be\/fr\/contact\/","og_site_name":"Trioco","article_modified_time":"2026-03-17T14:05:02+00:00","twitter_card":"summary_large_image","schema":{"@context":"https:\/\/schema.org","@graph":[{"@type":"WebPage","@id":"https:\/\/trioco.bluetimeproduction.be\/fr\/contact\/","url":"https:\/\/trioco.bluetimeproduction.be\/fr\/contact\/","name":"Trioco | Contactez notre syndic d\u2019immeubles","isPartOf":{"@id":"https:\/\/trioco.bluetimeproduction.be\/fr\/#website"},"datePublished":"2026-03-17T14:05:01+00:00","dateModified":"2026-03-17T14:05:02+00:00","description":"Vous recherchez un partenaire fiable pour la gestion de votre copropri\u00e9t\u00e9 ? Agr\u00e9\u00e9 IPI, Trioco vous remet une offre dans les plus brefs d\u00e9lais.","breadcrumb":{"@id":"https:\/\/trioco.bluetimeproduction.be\/fr\/contact\/#breadcrumb"},"inLanguage":"fr-FR","potentialAction":[{"@type":"ReadAction","target":["https:\/\/trioco.bluetimeproduction.be\/fr\/contact\/"]}]},{"@type":"BreadcrumbList","@id":"https:\/\/trioco.bluetimeproduction.be\/fr\/contact\/#breadcrumb","itemListElement":[{"@type":"ListItem","position":1,"name":"Accueil","item":"https:\/\/trioco.bluetimeproduction.be\/fr\/"},{"@type":"ListItem","position":2,"name":"Contact"}]},{"@type":"WebSite","@id":"https:\/\/trioco.bluetimeproduction.be\/fr\/#website","url":"https:\/\/trioco.bluetimeproduction.be\/fr\/","name":"Trioco","description":"","publisher":{"@id":"https:\/\/trioco.bluetimeproduction.be\/fr\/#organization"},"potentialAction":[{"@type":"SearchAction","target":{"@type":"EntryPoint","urlTemplate":"https:\/\/trioco.bluetimeproduction.be\/fr\/?s={search_term_string}"},"query-input":{"@type":"PropertyValueSpecification","valueRequired":true,"valueName":"search_term_string"}}],"inLanguage":"fr-FR"},{"@type":"Organization","@id":"https:\/\/trioco.bluetimeproduction.be\/fr\/#organization","name":"Trioco","url":"https:\/\/trioco.bluetimeproduction.be\/fr\/","logo":{"@type":"ImageObject","inLanguage":"fr-FR","@id":"https:\/\/trioco.bluetimeproduction.be\/fr\/#\/schema\/logo\/image\/","url":"https:\/\/trioco.bluetimeproduction.be\/wp-content\/uploads\/2024\/12\/logo_trioco.svg","contentUrl":"https:\/\/trioco.bluetimeproduction.be\/wp-content\/uploads\/2024\/12\/logo_trioco.svg","caption":"Trioco"},"image":{"@id":"https:\/\/trioco.bluetimeproduction.be\/fr\/#\/schema\/logo\/image\/"}}]}},"_links":{"self":[{"href":"https:\/\/trioco.bluetimeproduction.be\/fr\/wp-json\/wp\/v2\/pages\/202","targetHints":{"allow":["GET"]}}],"collection":[{"href":"https:\/\/trioco.bluetimeproduction.be\/fr\/wp-json\/wp\/v2\/pages"}],"about":[{"href":"https:\/\/trioco.bluetimeproduction.be\/fr\/wp-json\/wp\/v2\/types\/page"}],"author":[{"embeddable":true,"href":"https:\/\/trioco.bluetimeproduction.be\/fr\/wp-json\/wp\/v2\/users\/1"}],"replies":[{"embeddable":true,"href":"https:\/\/trioco.bluetimeproduction.be\/fr\/wp-json\/wp\/v2\/comments?post=202"}],"version-history":[{"count":1,"href":"https:\/\/trioco.bluetimeproduction.be\/fr\/wp-json\/wp\/v2\/pages\/202\/revisions"}],"predecessor-version":[{"id":205,"href":"https:\/\/trioco.bluetimeproduction.be\/fr\/wp-json\/wp\/v2\/pages\/202\/revisions\/205"}],"wp:attachment":[{"href":"https:\/\/trioco.bluetimeproduction.be\/fr\/wp-json\/wp\/v2\/media?parent=202"}],"curies":[{"name":"wp","href":"https:\/\/api.w.org\/{rel}","templated":true}]}}