{"id":198,"date":"2026-03-17T14:55:11","date_gmt":"2026-03-17T13:55:11","guid":{"rendered":"https:\/\/trioco.bluetimeproduction.be\/?page_id=198"},"modified":"2026-03-17T14:55:12","modified_gmt":"2026-03-17T13:55:12","slug":"notre-entreprise","status":"publish","type":"page","link":"https:\/\/trioco.bluetimeproduction.be\/fr\/notre-entreprise\/","title":{"rendered":"Notre entreprise"},"content":{"rendered":"","protected":false},"excerpt":{"rendered":"","protected":false},"author":1,"featured_media":0,"parent":0,"menu_order":0,"comment_status":"closed","ping_status":"closed","template":"","meta":{"footnotes":""},"class_list":["post-198","page","type-page","status-publish","hentry"],"yoast_head":"<!-- This site is optimized with the Yoast SEO plugin v27.2 - https:\/\/yoast.com\/product\/yoast-seo-wordpress\/ -->\n<title>\u00c0 propos de Trioco | Syndic de copropri\u00e9t\u00e9 \u00e0 Bruxelles et Brabant<\/title>\n<meta name=\"description\" content=\"D\u00e9couvrez Trioco, syndic agr\u00e9\u00e9 IPI : une \u00e9quipe \u00e0 taille humaine, proche de ses copropri\u00e9t\u00e9s et engag\u00e9e pour une gestion rigoureuse et transparente.\" \/>\n<meta name=\"robots\" content=\"noindex, follow, max-snippet:-1, max-image-preview:large, max-video-preview:-1\" \/>\n<meta property=\"og:locale\" content=\"fr_FR\" \/>\n<meta property=\"og:type\" content=\"article\" \/>\n<meta property=\"og:title\" content=\"\u00c0 propos de Trioco | Syndic de copropri\u00e9t\u00e9 \u00e0 Bruxelles et Brabant\" \/>\n<meta property=\"og:description\" content=\"D\u00e9couvrez Trioco, syndic agr\u00e9\u00e9 IPI : une \u00e9quipe \u00e0 taille humaine, proche de ses copropri\u00e9t\u00e9s et engag\u00e9e pour une gestion rigoureuse et transparente.\" \/>\n<meta property=\"og:url\" content=\"https:\/\/trioco.bluetimeproduction.be\/fr\/notre-entreprise\/\" \/>\n<meta property=\"og:site_name\" content=\"Trioco\" \/>\n<meta property=\"article:modified_time\" content=\"2026-03-17T13:55:12+00:00\" \/>\n<meta name=\"twitter:card\" content=\"summary_large_image\" \/>\n<script type=\"application\/ld+json\" class=\"yoast-schema-graph\">{\"@context\":\"https:\/\/schema.org\",\"@graph\":[{\"@type\":\"WebPage\",\"@id\":\"https:\/\/trioco.bluetimeproduction.be\/fr\/notre-entreprise\/\",\"url\":\"https:\/\/trioco.bluetimeproduction.be\/fr\/notre-entreprise\/\",\"name\":\"\u00c0 propos de Trioco | Syndic de copropri\u00e9t\u00e9 \u00e0 Bruxelles et Brabant\",\"isPartOf\":{\"@id\":\"https:\/\/trioco.bluetimeproduction.be\/fr\/#website\"},\"datePublished\":\"2026-03-17T13:55:11+00:00\",\"dateModified\":\"2026-03-17T13:55:12+00:00\",\"description\":\"D\u00e9couvrez Trioco, syndic agr\u00e9\u00e9 IPI : une \u00e9quipe \u00e0 taille humaine, proche de ses copropri\u00e9t\u00e9s et engag\u00e9e pour une gestion rigoureuse et transparente.\",\"breadcrumb\":{\"@id\":\"https:\/\/trioco.bluetimeproduction.be\/fr\/notre-entreprise\/#breadcrumb\"},\"inLanguage\":\"fr-FR\",\"potentialAction\":[{\"@type\":\"ReadAction\",\"target\":[\"https:\/\/trioco.bluetimeproduction.be\/fr\/notre-entreprise\/\"]}]},{\"@type\":\"BreadcrumbList\",\"@id\":\"https:\/\/trioco.bluetimeproduction.be\/fr\/notre-entreprise\/#breadcrumb\",\"itemListElement\":[{\"@type\":\"ListItem\",\"position\":1,\"name\":\"Accueil\",\"item\":\"https:\/\/trioco.bluetimeproduction.be\/fr\/\"},{\"@type\":\"ListItem\",\"position\":2,\"name\":\"Notre entreprise\"}]},{\"@type\":\"WebSite\",\"@id\":\"https:\/\/trioco.bluetimeproduction.be\/fr\/#website\",\"url\":\"https:\/\/trioco.bluetimeproduction.be\/fr\/\",\"name\":\"Trioco\",\"description\":\"\",\"publisher\":{\"@id\":\"https:\/\/trioco.bluetimeproduction.be\/fr\/#organization\"},\"potentialAction\":[{\"@type\":\"SearchAction\",\"target\":{\"@type\":\"EntryPoint\",\"urlTemplate\":\"https:\/\/trioco.bluetimeproduction.be\/fr\/?s={search_term_string}\"},\"query-input\":{\"@type\":\"PropertyValueSpecification\",\"valueRequired\":true,\"valueName\":\"search_term_string\"}}],\"inLanguage\":\"fr-FR\"},{\"@type\":\"Organization\",\"@id\":\"https:\/\/trioco.bluetimeproduction.be\/fr\/#organization\",\"name\":\"Trioco\",\"url\":\"https:\/\/trioco.bluetimeproduction.be\/fr\/\",\"logo\":{\"@type\":\"ImageObject\",\"inLanguage\":\"fr-FR\",\"@id\":\"https:\/\/trioco.bluetimeproduction.be\/fr\/#\/schema\/logo\/image\/\",\"url\":\"https:\/\/trioco.bluetimeproduction.be\/wp-content\/uploads\/2024\/12\/logo_trioco.svg\",\"contentUrl\":\"https:\/\/trioco.bluetimeproduction.be\/wp-content\/uploads\/2024\/12\/logo_trioco.svg\",\"caption\":\"Trioco\"},\"image\":{\"@id\":\"https:\/\/trioco.bluetimeproduction.be\/fr\/#\/schema\/logo\/image\/\"}}]}<\/script>\n<!-- \/ Yoast SEO plugin. -->","yoast_head_json":{"title":"\u00c0 propos de Trioco | Syndic de copropri\u00e9t\u00e9 \u00e0 Bruxelles et Brabant","description":"D\u00e9couvrez Trioco, syndic agr\u00e9\u00e9 IPI : une \u00e9quipe \u00e0 taille humaine, proche de ses copropri\u00e9t\u00e9s et engag\u00e9e pour une gestion rigoureuse et transparente.","robots":{"index":"noindex","follow":"follow","max-snippet":"max-snippet:-1","max-image-preview":"max-image-preview:large","max-video-preview":"max-video-preview:-1"},"og_locale":"fr_FR","og_type":"article","og_title":"\u00c0 propos de Trioco | Syndic de copropri\u00e9t\u00e9 \u00e0 Bruxelles et Brabant","og_description":"D\u00e9couvrez Trioco, syndic agr\u00e9\u00e9 IPI : une \u00e9quipe \u00e0 taille humaine, proche de ses copropri\u00e9t\u00e9s et engag\u00e9e pour une gestion rigoureuse et transparente.","og_url":"https:\/\/trioco.bluetimeproduction.be\/fr\/notre-entreprise\/","og_site_name":"Trioco","article_modified_time":"2026-03-17T13:55:12+00:00","twitter_card":"summary_large_image","schema":{"@context":"https:\/\/schema.org","@graph":[{"@type":"WebPage","@id":"https:\/\/trioco.bluetimeproduction.be\/fr\/notre-entreprise\/","url":"https:\/\/trioco.bluetimeproduction.be\/fr\/notre-entreprise\/","name":"\u00c0 propos de Trioco | Syndic de copropri\u00e9t\u00e9 \u00e0 Bruxelles et Brabant","isPartOf":{"@id":"https:\/\/trioco.bluetimeproduction.be\/fr\/#website"},"datePublished":"2026-03-17T13:55:11+00:00","dateModified":"2026-03-17T13:55:12+00:00","description":"D\u00e9couvrez Trioco, syndic agr\u00e9\u00e9 IPI : une \u00e9quipe \u00e0 taille humaine, proche de ses copropri\u00e9t\u00e9s et engag\u00e9e pour une gestion rigoureuse et transparente.","breadcrumb":{"@id":"https:\/\/trioco.bluetimeproduction.be\/fr\/notre-entreprise\/#breadcrumb"},"inLanguage":"fr-FR","potentialAction":[{"@type":"ReadAction","target":["https:\/\/trioco.bluetimeproduction.be\/fr\/notre-entreprise\/"]}]},{"@type":"BreadcrumbList","@id":"https:\/\/trioco.bluetimeproduction.be\/fr\/notre-entreprise\/#breadcrumb","itemListElement":[{"@type":"ListItem","position":1,"name":"Accueil","item":"https:\/\/trioco.bluetimeproduction.be\/fr\/"},{"@type":"ListItem","position":2,"name":"Notre entreprise"}]},{"@type":"WebSite","@id":"https:\/\/trioco.bluetimeproduction.be\/fr\/#website","url":"https:\/\/trioco.bluetimeproduction.be\/fr\/","name":"Trioco","description":"","publisher":{"@id":"https:\/\/trioco.bluetimeproduction.be\/fr\/#organization"},"potentialAction":[{"@type":"SearchAction","target":{"@type":"EntryPoint","urlTemplate":"https:\/\/trioco.bluetimeproduction.be\/fr\/?s={search_term_string}"},"query-input":{"@type":"PropertyValueSpecification","valueRequired":true,"valueName":"search_term_string"}}],"inLanguage":"fr-FR"},{"@type":"Organization","@id":"https:\/\/trioco.bluetimeproduction.be\/fr\/#organization","name":"Trioco","url":"https:\/\/trioco.bluetimeproduction.be\/fr\/","logo":{"@type":"ImageObject","inLanguage":"fr-FR","@id":"https:\/\/trioco.bluetimeproduction.be\/fr\/#\/schema\/logo\/image\/","url":"https:\/\/trioco.bluetimeproduction.be\/wp-content\/uploads\/2024\/12\/logo_trioco.svg","contentUrl":"https:\/\/trioco.bluetimeproduction.be\/wp-content\/uploads\/2024\/12\/logo_trioco.svg","caption":"Trioco"},"image":{"@id":"https:\/\/trioco.bluetimeproduction.be\/fr\/#\/schema\/logo\/image\/"}}]}},"_links":{"self":[{"href":"https:\/\/trioco.bluetimeproduction.be\/fr\/wp-json\/wp\/v2\/pages\/198","targetHints":{"allow":["GET"]}}],"collection":[{"href":"https:\/\/trioco.bluetimeproduction.be\/fr\/wp-json\/wp\/v2\/pages"}],"about":[{"href":"https:\/\/trioco.bluetimeproduction.be\/fr\/wp-json\/wp\/v2\/types\/page"}],"author":[{"embeddable":true,"href":"https:\/\/trioco.bluetimeproduction.be\/fr\/wp-json\/wp\/v2\/users\/1"}],"replies":[{"embeddable":true,"href":"https:\/\/trioco.bluetimeproduction.be\/fr\/wp-json\/wp\/v2\/comments?post=198"}],"version-history":[{"count":1,"href":"https:\/\/trioco.bluetimeproduction.be\/fr\/wp-json\/wp\/v2\/pages\/198\/revisions"}],"predecessor-version":[{"id":199,"href":"https:\/\/trioco.bluetimeproduction.be\/fr\/wp-json\/wp\/v2\/pages\/198\/revisions\/199"}],"wp:attachment":[{"href":"https:\/\/trioco.bluetimeproduction.be\/fr\/wp-json\/wp\/v2\/media?parent=198"}],"curies":[{"name":"wp","href":"https:\/\/api.w.org\/{rel}","templated":true}]}}